{"id":7,"date":"2014-02-18T22:56:03","date_gmt":"2014-02-18T21:56:03","guid":{"rendered":"http:\/\/pryzmat.home.pl\/pzerii\/?page_id=7"},"modified":"2023-08-17T11:55:25","modified_gmt":"2023-08-17T09:55:25","slug":"zarzad","status":"publish","type":"page","link":"https:\/\/pzeriisuwalki.pl\/?page_id=7","title":{"rendered":"Zarz\u0105d"},"content":{"rendered":"<p>&nbsp;<\/p>\n<p>Zarz\u0105d Oddzia\u0142u Okr\u0119gowego Polskiego Zwi\u0105zku Emeryt\u00f3w, Rencist\u00f3w i Inwalid\u00f3w w Suwa\u0142kach wybrany na Okr\u0119gowym Zje\u017adzie Delegat\u00f3w w dniu 29.08.2023 r.<\/p>\n<ol>\n<li><\/li>\n<\/ol>\n","protected":false},"excerpt":{"rendered":"<p>&nbsp; Zarz\u0105d Oddzia\u0142u Okr\u0119gowego Polskiego Zwi\u0105zku Emeryt\u00f3w, Rencist\u00f3w i Inwalid\u00f3w w Suwa\u0142kach wybrany na Okr\u0119gowym Zje\u017adzie Delegat\u00f3w w dniu 29.08.2023 r.<\/p>\n","protected":false},"author":1,"featured_media":0,"parent":0,"menu_order":0,"comment_status":"open","ping_status":"open","template":"","meta":{"footnotes":""},"_links":{"self":[{"href":"https:\/\/pzeriisuwalki.pl\/index.php?rest_route=\/wp\/v2\/pages\/7"}],"collection":[{"href":"https:\/\/pzeriisuwalki.pl\/index.php?rest_route=\/wp\/v2\/pages"}],"about":[{"href":"https:\/\/pzeriisuwalki.pl\/index.php?rest_route=\/wp\/v2\/types\/page"}],"author":[{"embeddable":true,"href":"https:\/\/pzeriisuwalki.pl\/index.php?rest_route=\/wp\/v2\/users\/1"}],"replies":[{"embeddable":true,"href":"https:\/\/pzeriisuwalki.pl\/index.php?rest_route=%2Fwp%2Fv2%2Fcomments&post=7"}],"version-history":[{"count":6,"href":"https:\/\/pzeriisuwalki.pl\/index.php?rest_route=\/wp\/v2\/pages\/7\/revisions"}],"predecessor-version":[{"id":5093,"href":"https:\/\/pzeriisuwalki.pl\/index.php?rest_route=\/wp\/v2\/pages\/7\/revisions\/5093"}],"wp:attachment":[{"href":"https:\/\/pzeriisuwalki.pl\/index.php?rest_route=%2Fwp%2Fv2%2Fmedia&parent=7"}],"curies":[{"name":"wp","href":"https:\/\/api.w.org\/{rel}","templated":true}]}}