{"id":627,"date":"2014-10-29T14:56:16","date_gmt":"2014-10-29T13:56:16","guid":{"rendered":"http:\/\/pzeriisuwalki.pl\/?page_id=627"},"modified":"2014-12-15T23:47:04","modified_gmt":"2014-12-15T22:47:04","slug":"poezja","status":"publish","type":"page","link":"https:\/\/pzeriisuwalki.pl\/?page_id=627","title":{"rendered":"Poezja"},"content":{"rendered":"<p><strong>\u00a0\u00a0\u00a0 <em>Kolacja wigilijna<\/em><br \/>\n<\/strong><\/p>\n<p>Na ten wyj\u0105tkowy dzie\u0144 wigilijny,<\/p>\n<p>Wszyscy ca\u0142y rok czekali.<\/p>\n<p>I wielcy prorocy i kr\u00f3lowie<\/p>\n<p>I lud nasz ca\u0142y<\/p>\n<p>Jest taka gwiazda na niebie,<\/p>\n<p>Kt\u00f3ra jasno \u015bwieci.<\/p>\n<p>Jest to Gwiazda Betlejemska.<\/p>\n<p>Jedna, jedyna.<\/p>\n<p>Ona jednym \u015bwiec\u0105cym mrugni\u0119ciem,<\/p>\n<p>Zwykle wieczerz\u0119 wigilijn\u0105 zaczyna.<\/p>\n<p><strong> <em>JB<\/em><\/strong><\/p>\n<p>&nbsp;<\/p>\n<p><strong><br \/>\n<\/strong><strong><em>\u00a0\u00a0\u00a0\u00a0 Lulaj\u017ce, lulaj<br \/>\n<\/em><\/strong><\/p>\n<p>W starej dziurawej szopie,<\/p>\n<p>Wiatr silny hula.<\/p>\n<p>A Maryja Panna<\/p>\n<p>Dzieci\u0105tko nowonarodzone<\/p>\n<p>Od p\u0142aczu utula.<\/p>\n<p>&nbsp;<\/p>\n<p>Lulaj\u017ce, lulaj<\/p>\n<p>M\u00f3j synku malu\u015bki,<\/p>\n<p>R\u0105czki masz<\/p>\n<p>Takie zimne i n\u00f3\u017cki;<\/p>\n<p>Ko\u0142ysank\u0119 mu \u015bpiewa.<\/p>\n<p>&nbsp;<\/p>\n<p>Nad losem dzieci\u0105tka<\/p>\n<p>Bardzo ubolewa,siankiem go okrywa,<\/p>\n<p>Do piersi tuli.<\/p>\n<p>Cichutko \u015bpiewa,<\/p>\n<p>Luli me kochane dzieci\u0119 luli<\/p>\n<p><strong>\u00a0\u00a0 <em>JB<\/em><\/strong><\/p>\n<p>&nbsp;<\/p>\n<p><em><strong>Kol\u0119dy<\/strong><\/em><\/p>\n<p>Na zielonej pachn\u0105cej lasem choince<\/p>\n<p>Kolorowe lampki si\u0119 pal\u0105.<\/p>\n<p>Migaj\u0105, znaki daj\u0105,<\/p>\n<p>Do \u015bpiewania kol\u0119d zapraszaj\u0105<\/p>\n<p>&nbsp;<\/p>\n<p>Magiczne p\u0142omyki,<\/p>\n<p>Cieniem od \u015bcian odbijaj\u0105<\/p>\n<p>Wielk\u0105 nowin\u0119<\/p>\n<p>Wszystkim og\u0142aszaj\u0105.<\/p>\n<p>&nbsp;<\/p>\n<p>Wszyscy w ko\u0142o si\u0119 ciesz\u0105, my si\u0119 te\u017c cieszymy<\/p>\n<p>Z narodzin ma\u0142ej dzieciny.<\/p>\n<p>\u015apiewaniem kol\u0119d<\/p>\n<p>Og\u0142o\u015bmy ca\u0142emu \u015bwiatu<\/p>\n<p>Te niebia\u0144skie narodziny<\/p>\n<p><strong>\u00a0<em> JB<\/em><\/strong><\/p>\n<p>&nbsp;<\/p>\n<p><strong>\u00a0\u00a0 <em>Choinka \u00a0 \u00a0\u00a0<\/em><\/strong> <strong><br \/>\n<\/strong><\/p>\n<p>Zielona choinka z lasu,<\/p>\n<p>Do salonu przyby\u0142a.<\/p>\n<p>Narobi\u0142a wiele ha\u0142asu,<\/p>\n<p>Wszystkich swoich przyjaci\u00f3\u0142, ze snu obudzi\u0142a.<\/p>\n<p>Otworzy\u0142a du\u017cy rze\u017abiony kuferek,<\/p>\n<p>Znalaz\u0142a tam\u00a0 sw\u00f3j srebrny sweterek<\/p>\n<p>I bombki kolorowe\u00a0 i anio\u0142ki a\u017curowe,<\/p>\n<p>\u0141a\u0144cuszki z wycinanek<\/p>\n<p>I z bia\u0142ej waty ba\u0142wanek.<\/p>\n<p>Hej, przyjaciele, bierzcie si\u0119 szybko do roboty,<\/p>\n<p>Przecie\u017c nie jestem ju\u017c male\u0144ka,<\/p>\n<p>Nie mog\u0119 tak d\u0142ugo sta\u0107 golusie\u0144ka<\/p>\n<p><strong> <em>JB<\/em><\/strong><\/p>\n<p>&nbsp;<\/p>\n<p><strong>\u00a0\u00a0\u00a0\u00a0\u00a0 <em>\u015awi\u0119to Zmar\u0142ych<\/em><\/strong><\/p>\n<p>Jeden dzie\u0144 w roku,<\/p>\n<p>kiedy zaduma<\/p>\n<p>do naszych serc si\u0119 wkrada,<\/p>\n<p>to \u015awi\u0119to Zmar\u0142ych<\/p>\n<p>dzie\u0144 1-listopada.<\/p>\n<p>Zamy\u015bleni, zadumani,<\/p>\n<p>groby bliskich odwiedzamy.<\/p>\n<p>My\u015blimy o Tych<\/p>\n<p>co ich p\u0142omie\u0144 zgas\u0142,<\/p>\n<p>kt\u00f3rych nie ma ju\u017c w\u015br\u00f3d nas.<\/p>\n<p>Smutne s\u0105 te my\u015bli,<\/p>\n<p>one nigdy nie opuszcz\u0105 nas.<\/p>\n<p>W tym dniu szczeg\u00f3lnie ,<\/p>\n<p>wspomnienia o\u017cywaj\u0105,<\/p>\n<p>g\u0142\u0119boko pami\u0119ci\u0105 wstecz si\u0119gaj\u0105.<\/p>\n<p>Kiedy pierwsza lampka,<\/p>\n<p>na grobowej p\u0142ycie zab\u0142y\u015bnie,<\/p>\n<p>delikatny u\u015bmiech, czasami przez \u0142zy<\/p>\n<p>nam si\u0119 ci\u015bnie.<\/p>\n<p>To s\u0105 szczere o nich wspomnienia,<\/p>\n<p>pami\u0119tamy ich gesty, szepty,<\/p>\n<p>u\u015bmiech, marzenia.<\/p>\n<p><em><strong>JB<\/strong><\/em><\/p>\n<p>&nbsp;<\/p>\n<p><em><strong>\u00a0\u00a0 Dla naszych bliskich, kt\u00f3rzy odeszli<\/strong><\/em><\/p>\n<p>Ca\u0142y cmentarz o\u015bwietlony,<\/p>\n<p>\u0142una nad nim bije,<\/p>\n<p>do nieba niemal si\u0119ga.<\/p>\n<p>W tym dniu \u015awi\u0119ta Zmar\u0142ych,<\/p>\n<p>to \u015bwiat\u0142a pot\u0119ga.<\/p>\n<p>Otwarty p\u0142omie\u0144 ze znicza,<\/p>\n<p>Wysoko do wielkiej \u0142uny do\u0142\u0105cza,<\/p>\n<p>niby ta\u0144cz\u0105ce Eurydyki<\/p>\n<p>sun\u0105, jakby muzyka do ta\u0144ca.<\/p>\n<p>Oni z g\u00f3ry wzrok,<\/p>\n<p>na nas kieruj\u0105.<\/p>\n<p>Chmurki rozsuwaj\u0105,<\/p>\n<p>gestem rozmawiaj\u0105.<\/p>\n<p>Chc\u0105 wszystko zobaczy\u0107,<\/p>\n<p>kto o nich pami\u0119ta,<\/p>\n<p>kto po nich p\u0142acze,<\/p>\n<p>kto \u015bwiat\u0142o zapali,<\/p>\n<p>a &#8211; kto stoi &#8211; w oddali.<\/p>\n<p><em><strong>\u00a0\u00a0 JB<\/strong><\/em><\/p>\n<p>&nbsp;<\/p>\n<p>&nbsp;<\/p>\n<hr \/>\n<hr \/>\n<p>&nbsp;<\/p>\n","protected":false},"excerpt":{"rendered":"<p>\u00a0\u00a0\u00a0 Kolacja wigilijna Na ten wyj\u0105tkowy dzie\u0144 wigilijny, Wszyscy ca\u0142y rok czekali. I wielcy prorocy i kr\u00f3lowie I lud nasz ca\u0142y Jest taka gwiazda na niebie, Kt\u00f3ra jasno \u015bwieci. Jest to Gwiazda Betlejemska. Jedna, jedyna. Ona jednym \u015bwiec\u0105cym mrugni\u0119ciem, Zwykle wieczerz\u0119 wigilijn\u0105 zaczyna. JB &nbsp; \u00a0\u00a0\u00a0\u00a0 Lulaj\u017ce, lulaj W starej dziurawej szopie, Wiatr silny hula. [&hellip;]<\/p>\n","protected":false},"author":1,"featured_media":0,"parent":616,"menu_order":0,"comment_status":"open","ping_status":"open","template":"","meta":{"footnotes":""},"_links":{"self":[{"href":"https:\/\/pzeriisuwalki.pl\/index.php?rest_route=\/wp\/v2\/pages\/627"}],"collection":[{"href":"https:\/\/pzeriisuwalki.pl\/index.php?rest_route=\/wp\/v2\/pages"}],"about":[{"href":"https:\/\/pzeriisuwalki.pl\/index.php?rest_route=\/wp\/v2\/types\/page"}],"author":[{"embeddable":true,"href":"https:\/\/pzeriisuwalki.pl\/index.php?rest_route=\/wp\/v2\/users\/1"}],"replies":[{"embeddable":true,"href":"https:\/\/pzeriisuwalki.pl\/index.php?rest_route=%2Fwp%2Fv2%2Fcomments&post=627"}],"version-history":[{"count":3,"href":"https:\/\/pzeriisuwalki.pl\/index.php?rest_route=\/wp\/v2\/pages\/627\/revisions"}],"predecessor-version":[{"id":845,"href":"https:\/\/pzeriisuwalki.pl\/index.php?rest_route=\/wp\/v2\/pages\/627\/revisions\/845"}],"up":[{"embeddable":true,"href":"https:\/\/pzeriisuwalki.pl\/index.php?rest_route=\/wp\/v2\/pages\/616"}],"wp:attachment":[{"href":"https:\/\/pzeriisuwalki.pl\/index.php?rest_route=%2Fwp%2Fv2%2Fmedia&parent=627"}],"curies":[{"name":"wp","href":"https:\/\/api.w.org\/{rel}","templated":true}]}}