{"id":5,"date":"2014-02-18T22:47:29","date_gmt":"2014-02-18T21:47:29","guid":{"rendered":"http:\/\/pryzmat.home.pl\/pzerii\/?page_id=5"},"modified":"2019-04-05T12:06:21","modified_gmt":"2019-04-05T10:06:21","slug":"kontakt","status":"publish","type":"page","link":"https:\/\/pzeriisuwalki.pl\/?page_id=5","title":{"rendered":"Kontakt"},"content":{"rendered":"<p><strong>POLSKI ZWI\u0104ZEK EMERYT\u00d3W, RENCIST\u00d3W I INWALID\u00d3W<\/strong><br \/>\n<strong> ZARZ\u0104D ODDZIA\u0141U OKR\u0118GOWEGO z siedzib\u0105 w Suwa\u0142kach<\/strong><\/p>\n<p><strong>ul. Ko\u015bciuszki 71<\/strong><br \/>\n<strong> 16-400 Suwa\u0142ki<\/strong><\/p>\n<p><strong>tel. 87 566 34 25<\/strong><\/p>\n<p><strong>e-mail: kontakt@pzeriisuwalki.pl<\/strong><br \/>\n<strong><br \/>\nGodziny pracy biura:<\/strong><br \/>\n<strong><br \/>\nponiedzia\u0142ek- czwartek: 9:00-13:00<\/strong><\/p>\n","protected":false},"excerpt":{"rendered":"<p>POLSKI ZWI\u0104ZEK EMERYT\u00d3W, RENCIST\u00d3W I INWALID\u00d3W ZARZ\u0104D ODDZIA\u0141U OKR\u0118GOWEGO z siedzib\u0105 w Suwa\u0142kach ul. Ko\u015bciuszki 71 16-400 Suwa\u0142ki tel. 87 566 34 25 e-mail: kontakt@pzeriisuwalki.pl Godziny pracy biura: poniedzia\u0142ek- czwartek: 9:00-13:00<\/p>\n","protected":false},"author":1,"featured_media":0,"parent":0,"menu_order":0,"comment_status":"open","ping_status":"open","template":"","meta":{"footnotes":""},"_links":{"self":[{"href":"https:\/\/pzeriisuwalki.pl\/index.php?rest_route=\/wp\/v2\/pages\/5"}],"collection":[{"href":"https:\/\/pzeriisuwalki.pl\/index.php?rest_route=\/wp\/v2\/pages"}],"about":[{"href":"https:\/\/pzeriisuwalki.pl\/index.php?rest_route=\/wp\/v2\/types\/page"}],"author":[{"embeddable":true,"href":"https:\/\/pzeriisuwalki.pl\/index.php?rest_route=\/wp\/v2\/users\/1"}],"replies":[{"embeddable":true,"href":"https:\/\/pzeriisuwalki.pl\/index.php?rest_route=%2Fwp%2Fv2%2Fcomments&post=5"}],"version-history":[{"count":8,"href":"https:\/\/pzeriisuwalki.pl\/index.php?rest_route=\/wp\/v2\/pages\/5\/revisions"}],"predecessor-version":[{"id":4898,"href":"https:\/\/pzeriisuwalki.pl\/index.php?rest_route=\/wp\/v2\/pages\/5\/revisions\/4898"}],"wp:attachment":[{"href":"https:\/\/pzeriisuwalki.pl\/index.php?rest_route=%2Fwp%2Fv2%2Fmedia&parent=5"}],"curies":[{"name":"wp","href":"https:\/\/api.w.org\/{rel}","templated":true}]}}