{"id":13,"date":"2014-02-19T10:31:23","date_gmt":"2014-02-19T09:31:23","guid":{"rendered":"http:\/\/pryzmat.home.pl\/pzerii\/?page_id=13"},"modified":"2014-02-20T12:20:06","modified_gmt":"2014-02-20T11:20:06","slug":"program-dzialalnosc","status":"publish","type":"page","link":"https:\/\/pzeriisuwalki.pl\/?page_id=13","title":{"rendered":"Program, dzia\u0142alno\u015b\u0107"},"content":{"rendered":"<p>Wiele mo\u017cemy nawzajem nauczy\u0107 si\u0119 od siebie, by poznawa\u0107 g\u0142\u0119bi\u0119 i sens \u017cycia<\/p>\n<p>POLSKI ZWI\u0104ZEK EMERYT\u00d3W, RENCIST\u00d3W I INWALID\u00d3W<\/p>\n<p>Chcemy, potrafimy i tak zrobimy<\/p>\n<p>Polski Zwi\u0105zek Emeryt\u00f3w, Rencist\u00f3w i Inwalid\u00f3w jest organizacj\u0105 pozarz\u0105dow\u0105, samodzieln\u0105 i niezale\u017cn\u0105, z wieloletni\u0105 tradycj\u0105, si\u0119gaj\u0105c\u0105 okresu przedwojennego.<br \/>\nZwi\u0105zek dzia\u0142a na terenie ca\u0142ego kraju poprzez swoje oddzia\u0142y okr\u0119gowe, rejonowe i ko\u0142a. Jest najwi\u0119ksz\u0105 organizacj\u0105 skupiaj\u0105c\u0105 emeryt\u00f3w, rencist\u00f3w i inwalid\u00f3w.<br \/>\nWst\u0119puj\u0105c do PZERiI zyskujesz mo\u017cliwo\u015b\u0107 wsp\u00f3lnego dzia\u0142ania na rzecz godnego \u017cycia senior\u00f3w i os\u00f3b niepe\u0142nosprawnych i zapewnienia im nale\u017cnego miejsca w spo\u0142ecze\u0144stwie. Zyskujesz wsparcie i pomoc w rozwi\u0105zywaniu trudnych problem\u00f3w dnia codziennego. Zyskujesz przyjaci\u00f3\u0142, kt\u00f3rzy Ci\u0119 nie zawiod\u0105.<\/p>\n<p>Zwi\u0105zek prowadzi nast\u0119puj\u0105ce dzia\u0142ania w imieniu i na rzecz swoich cz\u0142onk\u00f3w:<br \/>\n\u2022\tprzedstawia naczelnym w\u0142adzom pa\u0144stwowym (Prezydentowi, Prezesowi Rady Ministr\u00f3w, Marsza\u0142kom Sejmu i Senatu) opinie i postulaty dotycz\u0105ce poprawy systemu zabezpieczenia spo\u0142ecznego i polepszenia warunk\u00f3w bytowych spo\u0142eczno\u015bci emeryckiej;<br \/>\n\u2022\tprezentuje interesy emeryt\u00f3w i rencist\u00f3w na forum Parlamentu, Komisji Tr\u00f3jstronnej i innych;<br \/>\n\u2022\tpropaguje w spo\u0142ecze\u0144stwie wiedz\u0119 o problemach i potrzebach os\u00f3b starszych i niepe\u0142nosprawnych;<br \/>\n\u2022\tprzeciwdzia\u0142a samotno\u015bci, ub\u00f3stwu i wykluczeniu spo\u0142ecznemu senior\u00f3w.<br \/>\nPonadto terenowe ogniwa Zwi\u0105zku:<br \/>\n&#8211;\twsp\u00f3\u0142dzia\u0142aj\u0105 z samorz\u0105dem terytorialnym w rozwi\u0105zywaniu problem\u00f3w lokalnych spo\u0142eczno\u015bci senior\u00f3w i ludzi niepe\u0142nosprawnych;<br \/>\n&#8211;\torganizuj\u0105 samopomocow\u0105 opiek\u0119 nad lud\u017ami starszymi, samotnymi, chorymi;<br \/>\n&#8211;\tprzyznaj\u0105 zapomogi finansowe i udzielaj\u0105 pomocy rzeczowej cz\u0142onkom, znajduj\u0105cym si\u0119 w wyj\u0105tkowo trudnej sytuacji materialnej;<br \/>\n&#8211;\tprowadz\u0105 bogat\u0105 dzia\u0142alno\u015b\u0107 artystyczn\u0105, kulturaln\u0105 i turystyczn\u0105 dostosowan\u0105 do zainteresowa\u0144 i potrzeb swoich cz\u0142onk\u00f3w;<br \/>\n&#8211;\tprowadz\u0105 zaj\u0119cia rekreacyjne i rehabilitacyjne dla swoich cz\u0142onk\u00f3w;<br \/>\n&#8211;\torganizuj\u0105 wyjazdy wypoczynkowo-lecznicze;<br \/>\n&#8211;\tudzielaj\u0105 bezp\u0142atnych porad prawnych;<br \/>\n&#8211;\twydaj\u0105 za\u015bwiadczenia upowa\u017cniaj\u0105ce do ulgowych przejazd\u00f3w kolejowych.<\/p>\n<p>Zosta\u0144 cz\u0142onkiem Polskiego Zwi\u0105zku Emeryt\u00f3w, Rencist\u00f3w i Inwalid\u00f3w, aby Twoja staro\u015b\u0107 by\u0142a lepsza.<\/p>\n","protected":false},"excerpt":{"rendered":"<p>Wiele mo\u017cemy nawzajem nauczy\u0107 si\u0119 od siebie, by poznawa\u0107 g\u0142\u0119bi\u0119 i sens \u017cycia POLSKI ZWI\u0104ZEK EMERYT\u00d3W, RENCIST\u00d3W I INWALID\u00d3W Chcemy, potrafimy i tak zrobimy Polski Zwi\u0105zek Emeryt\u00f3w, Rencist\u00f3w i Inwalid\u00f3w jest organizacj\u0105 pozarz\u0105dow\u0105, samodzieln\u0105 i niezale\u017cn\u0105, z wieloletni\u0105 tradycj\u0105, si\u0119gaj\u0105c\u0105 okresu przedwojennego. Zwi\u0105zek dzia\u0142a na terenie ca\u0142ego kraju poprzez swoje oddzia\u0142y okr\u0119gowe, rejonowe i ko\u0142a. [&hellip;]<\/p>\n","protected":false},"author":1,"featured_media":0,"parent":0,"menu_order":0,"comment_status":"open","ping_status":"open","template":"","meta":{"footnotes":""},"_links":{"self":[{"href":"https:\/\/pzeriisuwalki.pl\/index.php?rest_route=\/wp\/v2\/pages\/13"}],"collection":[{"href":"https:\/\/pzeriisuwalki.pl\/index.php?rest_route=\/wp\/v2\/pages"}],"about":[{"href":"https:\/\/pzeriisuwalki.pl\/index.php?rest_route=\/wp\/v2\/types\/page"}],"author":[{"embeddable":true,"href":"https:\/\/pzeriisuwalki.pl\/index.php?rest_route=\/wp\/v2\/users\/1"}],"replies":[{"embeddable":true,"href":"https:\/\/pzeriisuwalki.pl\/index.php?rest_route=%2Fwp%2Fv2%2Fcomments&post=13"}],"version-history":[{"count":2,"href":"https:\/\/pzeriisuwalki.pl\/index.php?rest_route=\/wp\/v2\/pages\/13\/revisions"}],"predecessor-version":[{"id":42,"href":"https:\/\/pzeriisuwalki.pl\/index.php?rest_route=\/wp\/v2\/pages\/13\/revisions\/42"}],"wp:attachment":[{"href":"https:\/\/pzeriisuwalki.pl\/index.php?rest_route=%2Fwp%2Fv2%2Fmedia&parent=13"}],"curies":[{"name":"wp","href":"https:\/\/api.w.org\/{rel}","templated":true}]}}